{"id":138,"date":"2023-11-26T23:14:11","date_gmt":"2023-11-26T22:14:11","guid":{"rendered":"https:\/\/silicone-moderne.com\/?page_id=138"},"modified":"2026-01-27T21:02:43","modified_gmt":"2026-01-27T20:02:43","slug":"nos-produits","status":"publish","type":"page","link":"https:\/\/silicone-moderne.com\/?page_id=138","title":{"rendered":"Nos Produits"},"content":{"rendered":"\n<h2 class=\"wp-block-heading\">De l\u2019automobile au m\u00e9dical, nous concevons des solutions sur mesure en\u00a0<strong>silicone, plastique et polyur\u00e9thane<\/strong>, r\u00e9pondant aux probl\u00e9matiques sp\u00e9cifiques de chaque industrie.:<\/h2>\n\n\n\n<p><strong>Nos Domaines d&rsquo;Expertise &amp; Applications<\/strong><\/p>\n\n\n\n<ul class=\"wp-block-list\">\n<li><strong>Secteur M\u00e9dical &amp; Parapharmaceutique<\/strong>\n<ul class=\"wp-block-list\">\n<li><em>Consommables hospitaliers :<\/em>\u00a0Pissettes, masques \u00e0 oxyg\u00e8ne, tubulures et composants m\u00e9dicaux.<\/li>\n<\/ul>\n<\/li>\n\n\n\n<li><strong>Pu\u00e9riculture<\/strong>\n<ul class=\"wp-block-list\">\n<li><em>Solutions pour nourrissons :<\/em>\u00a0T\u00e9tines, sucettes, tire-lait, masse-gencives (silicone certifi\u00e9, sans BPA).<\/li>\n<\/ul>\n<\/li>\n\n\n\n<li><strong>Orthop\u00e9die<\/strong>\n<ul class=\"wp-block-list\">\n<li><em>Appareillages sur mesure :<\/em>\u00a0Proth\u00e8ses en silicone technique et \u00e9l\u00e9ments de confort.<\/li>\n<\/ul>\n<\/li>\n\n\n\n<li><strong>Arts de la Table &amp; M\u00e9nage<\/strong>\n<ul class=\"wp-block-list\">\n<li><em>Ustensiles de cuisine :<\/em>\u00a0Moules \u00e0 p\u00e2tisserie haute performance, accessoires de cuisson r\u00e9sistants aux temp\u00e9ratures extr\u00eames.<\/li>\n<\/ul>\n<\/li>\n\n\n\n<li><strong>High-Tech &amp; \u00c9lectronique<\/strong>\n<ul class=\"wp-block-list\">\n<li><em>Protection et interface :<\/em>\u00a0Coques antichocs pour smartphones, claviers souples, protections tactiles.<\/li>\n<\/ul>\n<\/li>\n\n\n\n<li><strong>Industrie Automobile<\/strong>\n<ul class=\"wp-block-list\">\n<li><em>Accessoires d&rsquo;habitacle :<\/em>\u00a0Couvre-leviers de vitesse, protections de volant, soufflets de frein \u00e0 main.<\/li>\n<\/ul>\n<\/li>\n\n\n\n<li><strong>Solutions Industrielles<\/strong>\n<ul class=\"wp-block-list\">\n<li><em>Composants techniques :<\/em>\u00a0Fabrication de pi\u00e8ces sp\u00e9cifiques en\u00a0<strong>Silicone<\/strong>\u00a0et\u00a0<strong>Polyur\u00e9thane<\/strong>\u00a0(PU) pour environnements exigeants.<\/li>\n<\/ul>\n<\/li>\n\n\n\n<li><strong>Mati\u00e8res Premi\u00e8res<\/strong><\/li>\n<\/ul>\n\n\n\n<figure class=\"wp-block-image size-large\"><img loading=\"lazy\" decoding=\"async\" width=\"1024\" height=\"768\" src=\"https:\/\/silicone-moderne.com\/wp-content\/uploads\/2023\/11\/11_Solid_-Silicone-Molded-Products1228.jpg\" alt=\"\" class=\"wp-image-47\" srcset=\"https:\/\/silicone-moderne.com\/wp-content\/uploads\/2023\/11\/11_Solid_-Silicone-Molded-Products1228.jpg 1024w, https:\/\/silicone-moderne.com\/wp-content\/uploads\/2023\/11\/11_Solid_-Silicone-Molded-Products1228-300x225.jpg 300w, https:\/\/silicone-moderne.com\/wp-content\/uploads\/2023\/11\/11_Solid_-Silicone-Molded-Products1228-768x576.jpg 768w\" sizes=\"auto, (max-width: 1024px) 100vw, 1024px\" \/><\/figure>\n\n\n\n<figure class=\"wp-block-image size-large is-resized\"><img loading=\"lazy\" decoding=\"async\" width=\"500\" height=\"500\" src=\"https:\/\/silicone-moderne.com\/wp-content\/uploads\/2023\/11\/car_colored_silica_gel_o_rings_silicone_rubber_parts_oil_resistant.jpg\" alt=\"\" class=\"wp-image-50\" style=\"width:267px;height:auto\" srcset=\"https:\/\/silicone-moderne.com\/wp-content\/uploads\/2023\/11\/car_colored_silica_gel_o_rings_silicone_rubber_parts_oil_resistant.jpg 500w, https:\/\/silicone-moderne.com\/wp-content\/uploads\/2023\/11\/car_colored_silica_gel_o_rings_silicone_rubber_parts_oil_resistant-300x300.jpg 300w, https:\/\/silicone-moderne.com\/wp-content\/uploads\/2023\/11\/car_colored_silica_gel_o_rings_silicone_rubber_parts_oil_resistant-150x150.jpg 150w\" sizes=\"auto, (max-width: 500px) 100vw, 500px\" \/><\/figure>\n\n\n\n<figure class=\"wp-block-image size-large is-resized\"><img loading=\"lazy\" decoding=\"async\" width=\"1024\" height=\"1024\" src=\"https:\/\/silicone-moderne.com\/wp-content\/uploads\/2023\/11\/70444-17363444-1024x1024.webp\" alt=\"\" class=\"wp-image-135\" style=\"width:272px;height:auto\" srcset=\"https:\/\/silicone-moderne.com\/wp-content\/uploads\/2023\/11\/70444-17363444-1024x1024.webp 1024w, https:\/\/silicone-moderne.com\/wp-content\/uploads\/2023\/11\/70444-17363444-300x300.webp 300w, https:\/\/silicone-moderne.com\/wp-content\/uploads\/2023\/11\/70444-17363444-150x150.webp 150w, https:\/\/silicone-moderne.com\/wp-content\/uploads\/2023\/11\/70444-17363444-768x768.webp 768w, https:\/\/silicone-moderne.com\/wp-content\/uploads\/2023\/11\/70444-17363444.webp 1192w\" sizes=\"auto, (max-width: 1024px) 100vw, 1024px\" \/><\/figure>\n\n\n\n<figure class=\"wp-block-image size-large\"><img loading=\"lazy\" decoding=\"async\" width=\"266\" height=\"190\" src=\"https:\/\/silicone-moderne.com\/wp-content\/uploads\/2023\/11\/images-18.jpg\" alt=\"\" class=\"wp-image-75\"\/><figcaption class=\"wp-element-caption\">Semelle Orthop\u00e9dique<\/figcaption><\/figure>\n\n\n\n<figure class=\"wp-block-image size-large\"><img loading=\"lazy\" decoding=\"async\" width=\"225\" height=\"225\" src=\"https:\/\/silicone-moderne.com\/wp-content\/uploads\/2023\/11\/images-26.jpg\" alt=\"\" class=\"wp-image-83\" srcset=\"https:\/\/silicone-moderne.com\/wp-content\/uploads\/2023\/11\/images-26.jpg 225w, https:\/\/silicone-moderne.com\/wp-content\/uploads\/2023\/11\/images-26-150x150.jpg 150w\" sizes=\"auto, (max-width: 225px) 100vw, 225px\" \/><\/figure>\n\n\n\n<figure class=\"wp-block-image size-large is-resized\"><img loading=\"lazy\" decoding=\"async\" width=\"401\" height=\"399\" src=\"https:\/\/silicone-moderne.com\/wp-content\/uploads\/2023\/11\/8.png\" alt=\"\" class=\"wp-image-109\" style=\"width:159px;height:auto\" srcset=\"https:\/\/silicone-moderne.com\/wp-content\/uploads\/2023\/11\/8.png 401w, https:\/\/silicone-moderne.com\/wp-content\/uploads\/2023\/11\/8-300x300.png 300w, https:\/\/silicone-moderne.com\/wp-content\/uploads\/2023\/11\/8-150x150.png 150w\" sizes=\"auto, (max-width: 401px) 100vw, 401px\" \/><\/figure>\n\n\n\n<figure class=\"wp-block-image size-large is-resized\"><img loading=\"lazy\" decoding=\"async\" width=\"387\" height=\"399\" src=\"https:\/\/silicone-moderne.com\/wp-content\/uploads\/2023\/11\/9.png\" alt=\"\" class=\"wp-image-110\" style=\"width:155px;height:auto\" srcset=\"https:\/\/silicone-moderne.com\/wp-content\/uploads\/2023\/11\/9.png 387w, https:\/\/silicone-moderne.com\/wp-content\/uploads\/2023\/11\/9-291x300.png 291w\" sizes=\"auto, (max-width: 387px) 100vw, 387px\" \/><\/figure>\n\n\n\n<figure class=\"wp-block-image size-large\"><img loading=\"lazy\" decoding=\"async\" width=\"225\" height=\"225\" src=\"https:\/\/silicone-moderne.com\/wp-content\/uploads\/2023\/11\/images-24.jpg\" alt=\"\" class=\"wp-image-81\" srcset=\"https:\/\/silicone-moderne.com\/wp-content\/uploads\/2023\/11\/images-24.jpg 225w, https:\/\/silicone-moderne.com\/wp-content\/uploads\/2023\/11\/images-24-150x150.jpg 150w\" sizes=\"auto, (max-width: 225px) 100vw, 225px\" \/><figcaption class=\"wp-element-caption\">Cache biberon verre<\/figcaption><\/figure>\n\n\n\n<figure class=\"wp-block-image size-large is-resized\"><img loading=\"lazy\" decoding=\"async\" width=\"225\" height=\"225\" src=\"https:\/\/silicone-moderne.com\/wp-content\/uploads\/2023\/11\/images-17.jpg\" alt=\"\" class=\"wp-image-74\" style=\"width:250px;height:auto\" srcset=\"https:\/\/silicone-moderne.com\/wp-content\/uploads\/2023\/11\/images-17.jpg 225w, https:\/\/silicone-moderne.com\/wp-content\/uploads\/2023\/11\/images-17-150x150.jpg 150w\" sizes=\"auto, (max-width: 225px) 100vw, 225px\" \/><\/figure>\n\n\n\n<figure class=\"wp-block-image size-large\"><img loading=\"lazy\" decoding=\"async\" width=\"253\" height=\"199\" src=\"https:\/\/silicone-moderne.com\/wp-content\/uploads\/2023\/11\/images-14.jpg\" alt=\"\" class=\"wp-image-71\"\/><\/figure>\n\n\n\n<figure class=\"wp-block-image size-large\"><img loading=\"lazy\" decoding=\"async\" width=\"225\" height=\"225\" src=\"https:\/\/silicone-moderne.com\/wp-content\/uploads\/2023\/11\/images-21.jpg\" alt=\"\" class=\"wp-image-78\" srcset=\"https:\/\/silicone-moderne.com\/wp-content\/uploads\/2023\/11\/images-21.jpg 225w, https:\/\/silicone-moderne.com\/wp-content\/uploads\/2023\/11\/images-21-150x150.jpg 150w\" sizes=\"auto, (max-width: 225px) 100vw, 225px\" \/><\/figure>\n\n\n\n<figure class=\"wp-block-image size-large\"><img loading=\"lazy\" decoding=\"async\" width=\"384\" height=\"384\" src=\"https:\/\/silicone-moderne.com\/wp-content\/uploads\/2023\/11\/unnamed.jpg\" alt=\"\" class=\"wp-image-107\" srcset=\"https:\/\/silicone-moderne.com\/wp-content\/uploads\/2023\/11\/unnamed.jpg 384w, https:\/\/silicone-moderne.com\/wp-content\/uploads\/2023\/11\/unnamed-300x300.jpg 300w, https:\/\/silicone-moderne.com\/wp-content\/uploads\/2023\/11\/unnamed-150x150.jpg 150w\" sizes=\"auto, (max-width: 384px) 100vw, 384px\" \/><\/figure>\n","protected":false},"excerpt":{"rendered":"<p>De l\u2019automobile au m\u00e9dical, nous concevons des solutions sur mesure en\u00a0silicone, plastique et polyur\u00e9thane, r\u00e9pondant aux probl\u00e9matiques sp\u00e9cifiques de chaque industrie.: Nos Domaines d&rsquo;Expertise &amp; Applications<\/p>\n","protected":false},"author":1,"featured_media":0,"parent":0,"menu_order":0,"comment_status":"closed","ping_status":"closed","template":"","meta":{"footnotes":""},"class_list":["post-138","page","type-page","status-publish","hentry"],"_links":{"self":[{"href":"https:\/\/silicone-moderne.com\/index.php?rest_route=\/wp\/v2\/pages\/138","targetHints":{"allow":["GET"]}}],"collection":[{"href":"https:\/\/silicone-moderne.com\/index.php?rest_route=\/wp\/v2\/pages"}],"about":[{"href":"https:\/\/silicone-moderne.com\/index.php?rest_route=\/wp\/v2\/types\/page"}],"author":[{"embeddable":true,"href":"https:\/\/silicone-moderne.com\/index.php?rest_route=\/wp\/v2\/users\/1"}],"replies":[{"embeddable":true,"href":"https:\/\/silicone-moderne.com\/index.php?rest_route=%2Fwp%2Fv2%2Fcomments&post=138"}],"version-history":[{"count":0,"href":"https:\/\/silicone-moderne.com\/index.php?rest_route=\/wp\/v2\/pages\/138\/revisions"}],"wp:attachment":[{"href":"https:\/\/silicone-moderne.com\/index.php?rest_route=%2Fwp%2Fv2%2Fmedia&parent=138"}],"curies":[{"name":"wp","href":"https:\/\/api.w.org\/{rel}","templated":true}]}}